{"id":9,"date":"2012-12-27T18:32:42","date_gmt":"2012-12-27T18:32:42","guid":{"rendered":"http:\/\/huelsmann.name\/wordpress\/?page_id=9"},"modified":"2012-12-30T14:36:37","modified_gmt":"2012-12-30T13:36:37","slug":"interessen","status":"publish","type":"page","link":"https:\/\/huelsmann.name\/wordpress\/interessen\/","title":{"rendered":"Interessen"},"content":{"rendered":"<p align=\"left\">Hier findet ihr Infos zum <a href=\"http:\/\/www.erc.edu\/\">ERC<\/a>, zu den <a href=\"http:\/\/www.malteser-krefeld.de\/\">Maltesern<\/a> und zum Tauchen, sowie sonstigen Interessen und Hobbys.<\/p>\n<table width=\"100%\" border=\"0\" cellspacing=\"0\" cellpadding=\"0\">\n<tbody>\n<tr>\n<td valign=\"top\" width=\"100%\"><strong>Computer<\/strong> &#8211; Ich interessiere mich beruflich wie privat f\u00fcr IT und alles, was damit zu tun hat. Hier ist meine bevorzugte Quelle f\u00fcr Neuigkeiten aus diesem Bereich:<\/p>\n<ul>\n<li>Opensource 3D-Entwicklung (<a href=\"http:\/\/opensimulator.org\/\" target=\"_blank\">opensim<\/a> \/ <a href=\"http:\/\/osgrid.org\/\" target=\"_blank\">osgrid<\/a>)<\/li>\n<li>Als fr\u00fcherer Mitherausgeber von <a href=\"http:\/\/wayback.archive.org\/web\/20100615000000*\/http:\/\/maxping.org\" target=\"_blank\">Maxping.org<\/a><\/li>\n<li><a href=\"http:\/\/www.heise.de\/\">Heise.de<\/a><\/li>\n<li><a href=\"http:\/\/www.microsoft.com\/germany\">Microsoft<\/a> bietet aktuelle Infos, Treiber und Patches um Windows und andere Produkte<\/li>\n<li><a href=\"http:\/\/www.suse.de\/\">SuSe<\/a> ist meine favorisierte *nix -Variante (Ich habe mal mit Xenix begonnen, SCO Unix und viel sp\u00e4ter Linux) &#8211; bis 12\/2012 auch lange Basis der homepage Server<\/li>\n<li><a href=\"https:\/\/huelsmann.name\/wordpress\/?page_id=83\">Geschichte ISH<\/a><\/li>\n<\/ul>\n<p>&nbsp;<\/p>\n<p><strong>Reisen<\/strong> &#8211; da bin ich ja nicht anders als andere Menschen: ich reise gerne. Bisher fehlt mir noch Australien in der Sammlung der Kontinente. Ein paar Infos will ich k\u00fcnftig hier verewigen. Bis dahin gibt&#8217;s einen Blick in <a href=\"https:\/\/huelsmann.name\/wordpress\/?page_id=18\">Urlaubsbilder<\/a>. Einen kleinen Reise\u00fcberblick gibt es bei <a href=\"http:\/\/www.tripadvisor.com\/MemberProfile?uid=6ECA4AAC7BA987EFE3A7750943E73C27&amp;c=pt\" target=\"_blank\">Tripadvisor<\/a>. Ich bin \u00fcberzeugter Online-Bucher, z.B. bei:<\/p>\n<ul>\n<li><a href=\"http:\/\/www.billigweg.de\/\">Billigweg.de<\/a><\/li>\n<li><a href=\"http:\/\/www.airberlin.de\/\">Airberlin.de<\/a><\/li>\n<li><a href=\"http:\/\/www.germanwings.com\/\">Germanwings.de<\/a><\/li>\n<li><a href=\"http:\/\/www.booking.com\/\">booking.com<\/a><\/li>\n<\/ul>\n<p>&nbsp;<\/p>\n<p><strong>Tauchen<\/strong> &#8211; 1979 habe ich erstmals eine Tauchausbildung auf Gran Canaria absolviert, dann ruhte allerdings alles bis 1994. Ab 1994 f\u00fchrte der Weg dann zum Divemaster und an viele nette Tacuhpl\u00e4tze der Welt. Interessierten m\u00f6chte ich hier ein paar <a href=\"https:\/\/huelsmann.name\/wordpress\/?page_id=108\">Grundinformationen<\/a> liefern.<\/p>\n<ul>\n<li><a href=\"http:\/\/www.taucher.net\/\">Taucher.net<\/a><\/li>\n<li><a href=\"http:\/\/padi.com\/\" target=\"_blank\">PADI<\/a><\/li>\n<li><a href=\"http:\/\/www.daneurope.org\/\" target=\"_blank\">DAN<\/a><\/li>\n<\/ul>\n<p>&nbsp;<\/p>\n<p><strong>Notfallmedizin<\/strong> &#8211; Fr\u00fcher berufliche Basis, heute immer noch ein Interessen und Aktivit\u00e4tsgebiet. Ich war \u00fcber 10 Jahre ehrenamtlich bei den <a href=\"http:\/\/www.malteser-krefeld.de\/\">Malteser in Krefeld<\/a> im Bereich ein Leitungseinheit (F\u00fchrungsgruppe) f\u00fcr Gro\u00dfschadenslagen der <a href=\"http:\/\/www.krefeld.de\/\">Stadt Krefeld<\/a> t\u00e4tig. Aus Interesse habe ich diverse Auslandsrettungsdienste besucht. Aus beruflichen und pers\u00f6nlichen Gr\u00fcnden hat mich besonders der <a href=\"https:\/\/huelsmann.name\/wordpress\/?page_id=117\">US-Rettungsdienst<\/a> gefesselt. Des Weiteren war ich als Dozent besch\u00e4ftigt. Diese T\u00e4tigkeiten ruhen aus zeitlichen Gr\u00fcnden im Moment.<\/p>\n<ul>\n<li><em><a href=\"http:\/\/www.malteser-aachen.de\/\">Malteser Schule Aachen<\/a><\/em><\/li>\n<li><em><a href=\"http:\/\/www.erc.edu\/\">European Resuscitation Council<\/a><\/em><\/li>\n<li><a href=\"http:\/\/cloud7b.de\/rd-usa.shtml\">Rettungsdienst in USA<\/a><\/li>\n<\/ul>\n<p><strong>Standards<\/strong> &#8211; vieleicht werde einmal ich ein paar Worte zu Standards im allgemeinen verlieren. Ber\u00fchrung damit hatte ich in einigen beruflichen Gebieten:<\/p>\n<ul>\n<li><a href=\"http:\/\/de.wikipedia.org\/wiki\/ISO_9001\" target=\"_blank\">ISO 900x (Qualit\u00e4tsmanagement)<\/a><\/li>\n<li><a href=\"http:\/\/de.wikipedia.org\/wiki\/ISO\/IEC_20000\" target=\"_blank\">ISO 20xxx (IT Service Management , ITIL, MOF, ..)<\/a><\/li>\n<li><a href=\"http:\/\/de.wikipedia.org\/wiki\/ISO\/IEC_27001\" target=\"_blank\">ISO 27xx (Information Security Mangement System)<\/a><\/li>\n<li><a href=\"http:\/\/www.americanheart.org\/\">www.americanheart.org<\/a><\/li>\n<li><a href=\"http:\/\/www.erc.edu\/\">www.erc.edu<\/a><\/li>\n<li>&#8230;<\/li>\n<\/ul>\n<\/td>\n<\/tr>\n<\/tbody>\n<\/table>\n","protected":false},"excerpt":{"rendered":"<p>Hier findet ihr Infos zum ERC, zu den Maltesern und zum Tauchen, sowie sonstigen Interessen und Hobbys. Computer &#8211; Ich interessiere mich beruflich wie privat f\u00fcr IT und alles, was damit zu tun hat. Hier ist meine bevorzugte Quelle f\u00fcr Neuigkeiten aus diesem Bereich: Opensource 3D-Entwicklung (opensim \/ osgrid) Als fr\u00fcherer Mitherausgeber von Maxping.org Heise.de &hellip; <a href=\"https:\/\/huelsmann.name\/wordpress\/interessen\/\" class=\"more-link\">Weiterlesen <span class=\"meta-nav\">&rarr;<\/span><\/a><\/p>\n","protected":false},"author":1,"featured_media":0,"parent":0,"menu_order":18,"comment_status":"open","ping_status":"closed","template":"","meta":{"ngg_post_thumbnail":0,"jetpack_post_was_ever_published":false,"footnotes":""},"class_list":["post-9","page","type-page","status-publish","hentry"],"jetpack_sharing_enabled":true,"jetpack_shortlink":"https:\/\/wp.me\/P30LUx-9","_links":{"self":[{"href":"https:\/\/huelsmann.name\/wordpress\/wp-json\/wp\/v2\/pages\/9"}],"collection":[{"href":"https:\/\/huelsmann.name\/wordpress\/wp-json\/wp\/v2\/pages"}],"about":[{"href":"https:\/\/huelsmann.name\/wordpress\/wp-json\/wp\/v2\/types\/page"}],"author":[{"embeddable":true,"href":"https:\/\/huelsmann.name\/wordpress\/wp-json\/wp\/v2\/users\/1"}],"replies":[{"embeddable":true,"href":"https:\/\/huelsmann.name\/wordpress\/wp-json\/wp\/v2\/comments?post=9"}],"version-history":[{"count":8,"href":"https:\/\/huelsmann.name\/wordpress\/wp-json\/wp\/v2\/pages\/9\/revisions"}],"predecessor-version":[{"id":112,"href":"https:\/\/huelsmann.name\/wordpress\/wp-json\/wp\/v2\/pages\/9\/revisions\/112"}],"wp:attachment":[{"href":"https:\/\/huelsmann.name\/wordpress\/wp-json\/wp\/v2\/media?parent=9"}],"curies":[{"name":"wp","href":"https:\/\/api.w.org\/{rel}","templated":true}]}}