{"id":78,"date":"2012-12-29T19:17:28","date_gmt":"2012-12-29T18:17:28","guid":{"rendered":"http:\/\/huelsmann.name\/wordpress\/?page_id=78"},"modified":"2012-12-29T19:24:58","modified_gmt":"2012-12-29T18:24:58","slug":"notfallmedizinische-grundlagen-fur-den-rettungsdienst","status":"publish","type":"page","link":"https:\/\/huelsmann.name\/wordpress\/uber-mich\/notfallmedizinische-grundlagen-fur-den-rettungsdienst\/","title":{"rendered":"Notfallmedizinische Grundlagen f\u00fcr den Rettungsdienst"},"content":{"rendered":"<p align=\"justify\"><span style=\"font-size: large;\">Herausgegeben von<\/span><\/p>\n<p align=\"justify\"><span style=\"font-size: large;\">E. Franke, C. Hohl, R. H\u00fclsmann, M. Klemm<\/span><\/p>\n<p align=\"justify\"><b><span style=\"font-size: medium;\">Unter Mitarbeit von Y. Borsch und H.J. Siefert<\/span><\/b><\/p>\n<p align=\"justify\"><span style=\"font-size: medium;\"><b>119 Abbildungen, 33 Tabellen, 71 Photographien<\/b><\/span><\/p>\n<p><span style=\"font-size: medium;\"><b>1. Auflage<\/b><\/span><\/p>\n<p align=\"center\">\u00a0<\/p>\n<p>Vorwort<\/p>\n<p><b>\u00a0<\/b><span style=\"font-size: small;\">Im Rahmen der neuen Gesetzgebung hinsichtlich der Ausbildungsstandarts im Rettungsdienst und der stetig steigenden Anspr\u00fcche an das Wissen der in den paramedizinischen Berufen T\u00e4tigen hielten wir es f\u00fcr angebracht, ein neues Ausbildungsskript f\u00fcr den Rettungsdienst zu erstellen. Hierbei orientierten wir uns im Wesentlichen an der Ausbildungs- und Pr\u00fcfungsordnung des Malteser Hilfsdienstes zur Ausbildung von Rettungssanit\u00e4tern und Rettungsassistenten.<\/span><\/p>\n<p align=\"justify\">Es existiert zwar eine F\u00fclle von rettungsdienstlich relevanten Lehrb\u00fcchern, jedoch suchten wir bislang vergeblich ein Werk, welches die aktuell g\u00fcltigen Unterrichtsinhalte umfa\u00dft und sich didaktisch am Ablauf der Schulung zum Rettungssanit\u00e4ter, bzw. Rettungsassistenten orientiert. Des weiteren wollten wir die Vorteile eines ausf\u00fchrlichen Lehrbuchs mit einem Repetitorium, welches speziell zur Pr\u00fcfungsvorbereitung geeignet ist, im Sinne eines dualen Konzepts verbinden.<\/p>\n<p align=\"justify\">Eine weitere Motivation dieses Werk zu schreiben, ist die Tatsache, da\u00df die meisten auf dem Markt erh\u00e4ltlichen B\u00fccher mit vergleichbarem Umfang f\u00fcr viele angehende Rettungssanit\u00e4ter und Rettungsassistenten eine nicht unerhebliche Kostenbelastung mit sich bringen. Wir finden, Wissen darf nicht unerschwinglich sein!<\/p>\n<p align=\"justify\">Mitgewirkt an diesem Buch haben Y. Borsch (Thema Rechtskunde) und H.J. Siefert (Thema Psychologie), die Titelseite wurde von Frau Silke Janssens gestaltet. Ma\u00dfgeblich an der Planung und Realisation dieses Werkes war Herr Norbert Kl\u00f6cker beteiligt, dem daher auch unser besonderer Dank gilt. Weiterhin m\u00f6chten wir all denen danken, die mit ihren Anregungen und konstruktiven Kritiken an der Verbesserung des Buches mitgewirkt haben, insbesondere R. Rix, A. Giesen und I. Schnitzler.<\/p>\n<p align=\"justify\">Wir hoffen, da\u00df dieses Buch zur Verbesserung der Ausbildungsqualit\u00e4t im Rettungsdienst beitr\u00e4gt und w\u00fcnschen unseren Lesern, da\u00df es ihnen auf ihrem Weg zum Rettungssanit\u00e4ter bzw. Rettungsassistenten ein guter Wegbegleiter sei. Damit das Werk seinen aktuellen Standart beh\u00e4lt, sind hilfreiche Anregungen f\u00fcr die n\u00e4chste Auflage sehr willkommen.<\/p>\n<p align=\"justify\">\u00a0<\/p>\n<p align=\"justify\">\u00a0<span style=\"font-size: small;\">Aachen im Oktober 1998, die Autoren<\/span><\/p>\n<p align=\"justify\">\u00a0<\/p>\n<p align=\"justify\">\u00a0<\/p>\n<p align=\"center\">DM 49,&#8211; im Buchhandel ab Januar 1999<\/p>\n<p align=\"center\">ISBN\u00a0\u00a0<big><span style=\"font-size: small;\">3 &#8211; 89653 &#8211; 800 &#8211; 4<\/span><\/big><\/p>\n<p align=\"center\">\u00a0<\/p>\n<p align=\"center\">Weitere Bezugsquellen sind die Rettungsdienstschulen, z.B. die\u00a0<a href=\"http:\/\/www.malteser-aachen.de\/\">Malteser Schule Aachen<\/a>,<\/p>\n<p align=\"center\">die das Werk zu Sonderkonditionen an die Teilnehmer vertreibt.<\/p>\n<p align=\"center\">\u00a0<\/p>\n<p align=\"center\">Hier ein paar Leseproben, letzte Version vor dem Druck im Arobat-Reader Format.<\/p>\n<p align=\"center\"><a href=\"http:\/\/huelsmann.name\/downloads\/99.pdf\">Index<\/a>\u00a0\u00a0\u00a0\u00a0<a href=\"http:\/\/huelsmann.name\/downloads\/09.pdf\">Traumatologie<\/a>\u00a0\u00a0\u00a0\u00a0<a href=\"http:\/\/huelsmann.name\/downloads\/22.pdf\">Rechtskunde<\/a>\u00a0\u00a0\u00a0\u00a0\u00a0<a href=\"http:\/\/huelsmann.name\/downloads\/19.pdf\">Medizinger\u00e4tetechnik<\/a>\u00a0\u00a0\u00a0\u00a0\u00a0\u00a0<a href=\"http:\/\/huelsmann.name\/downloads\/17.pdf\">Pharmakologie<\/a><\/p>\n<p align=\"center\">\u00a0<\/p>\n<p>&nbsp;<\/p>\n<p><span style=\"text-decoration: underline;\"><strong>Kontakt:<\/strong><\/span><\/p>\n<p>Fax: 02152\/962106<\/p>\n<p>email:\u00a0\u00a0<a href=\"mailto:RD-Skript@ish.com\">r_huelsmann@bigfoot.com<\/a><\/p>\n<p>&nbsp;<\/p>\n<p>&nbsp;<\/p>\n<p>&nbsp;<\/p>\n<p>Stand 20.12.98<\/p>\n","protected":false},"excerpt":{"rendered":"<p>Herausgegeben von E. Franke, C. Hohl, R. H\u00fclsmann, M. Klemm Unter Mitarbeit von Y. Borsch und H.J. Siefert 119 Abbildungen, 33 Tabellen, 71 Photographien 1. Auflage \u00a0 Vorwort \u00a0Im Rahmen der neuen Gesetzgebung hinsichtlich der Ausbildungsstandarts im Rettungsdienst und der stetig steigenden Anspr\u00fcche an das Wissen der in den paramedizinischen Berufen T\u00e4tigen hielten wir es &hellip; <a href=\"https:\/\/huelsmann.name\/wordpress\/uber-mich\/notfallmedizinische-grundlagen-fur-den-rettungsdienst\/\" class=\"more-link\">Weiterlesen <span class=\"meta-nav\">&rarr;<\/span><\/a><\/p>\n","protected":false},"author":1,"featured_media":0,"parent":7,"menu_order":0,"comment_status":"open","ping_status":"closed","template":"","meta":{"ngg_post_thumbnail":0,"jetpack_post_was_ever_published":false,"footnotes":""},"class_list":["post-78","page","type-page","status-publish","hentry"],"jetpack_sharing_enabled":true,"jetpack_shortlink":"https:\/\/wp.me\/P30LUx-1g","_links":{"self":[{"href":"https:\/\/huelsmann.name\/wordpress\/wp-json\/wp\/v2\/pages\/78"}],"collection":[{"href":"https:\/\/huelsmann.name\/wordpress\/wp-json\/wp\/v2\/pages"}],"about":[{"href":"https:\/\/huelsmann.name\/wordpress\/wp-json\/wp\/v2\/types\/page"}],"author":[{"embeddable":true,"href":"https:\/\/huelsmann.name\/wordpress\/wp-json\/wp\/v2\/users\/1"}],"replies":[{"embeddable":true,"href":"https:\/\/huelsmann.name\/wordpress\/wp-json\/wp\/v2\/comments?post=78"}],"version-history":[{"count":3,"href":"https:\/\/huelsmann.name\/wordpress\/wp-json\/wp\/v2\/pages\/78\/revisions"}],"predecessor-version":[{"id":81,"href":"https:\/\/huelsmann.name\/wordpress\/wp-json\/wp\/v2\/pages\/78\/revisions\/81"}],"up":[{"embeddable":true,"href":"https:\/\/huelsmann.name\/wordpress\/wp-json\/wp\/v2\/pages\/7"}],"wp:attachment":[{"href":"https:\/\/huelsmann.name\/wordpress\/wp-json\/wp\/v2\/media?parent=78"}],"curies":[{"name":"wp","href":"https:\/\/api.w.org\/{rel}","templated":true}]}}