{"id":323,"date":"2013-01-11T23:41:30","date_gmt":"2013-01-11T22:41:30","guid":{"rendered":"http:\/\/huelsmann.name\/wordpress\/?page_id=323"},"modified":"2013-03-17T17:19:15","modified_gmt":"2013-03-17T16:19:15","slug":"de-muc-park-inn-by-radisson-munchen-ost","status":"publish","type":"page","link":"https:\/\/huelsmann.name\/wordpress\/fotosammlung-2\/hotelsammlung\/de-muc-park-inn-by-radisson-munchen-ost\/","title":{"rendered":"DE &#8211; MUC &#8211; Park Inn by Radisson M\u00fcnchen Ost"},"content":{"rendered":"<p>Park Inn by Radisson M\u00fcnchen Ost, 81929 M\u00fcnchen, Deutschland<br \/>\nhttp:\/\/www.parkinn.de\/hotel-muenchenost<\/p>\n<p>4* business hotel, close to english garden \/ Schwabing, somewhat close to trade fair ground.<br \/>\nTypicall ParkIn, decent.<br \/>\nVery small fitness room and somewhat limited restaurant &#8211; but still a good choice for 1-3 nights.<\/p>\n<p>last update 01\/2013<\/p>\n<p>Standardzimmer:<\/p>\n<p><a href=\"https:\/\/huelsmann.name\/wordpress\/wp-content\/uploads\/2013\/01\/20130108-003038.jpg\"><img decoding=\"async\" class=\"alignnone size-full\" alt=\"20130108-003038.jpg\" src=\"https:\/\/huelsmann.name\/wordpress\/wp-content\/uploads\/2013\/01\/20130108-003038.jpg\" \/><\/a><\/p>\n<p><a href=\"https:\/\/huelsmann.name\/wordpress\/wp-content\/uploads\/2013\/01\/20130108-003051.jpg\"><img decoding=\"async\" class=\"alignnone size-full\" alt=\"20130108-003051.jpg\" src=\"https:\/\/huelsmann.name\/wordpress\/wp-content\/uploads\/2013\/01\/20130108-003051.jpg\" \/><\/a><\/p>\n<p><a href=\"https:\/\/huelsmann.name\/wordpress\/wp-content\/uploads\/2013\/01\/20130108-003101.jpg\"><img decoding=\"async\" class=\"alignnone size-full\" alt=\"20130108-003101.jpg\" src=\"https:\/\/huelsmann.name\/wordpress\/wp-content\/uploads\/2013\/01\/20130108-003101.jpg\" \/><\/a><\/p>\n<p><a href=\"https:\/\/huelsmann.name\/wordpress\/wp-content\/uploads\/2013\/01\/20130108-003110.jpg\"><img decoding=\"async\" class=\"alignnone size-full\" alt=\"20130108-003110.jpg\" src=\"https:\/\/huelsmann.name\/wordpress\/wp-content\/uploads\/2013\/01\/20130108-003110.jpg\" \/><\/a><\/p>\n<p><a href=\"https:\/\/huelsmann.name\/wordpress\/wp-content\/uploads\/2013\/01\/20130108-003124.jpg\"><img decoding=\"async\" class=\"alignnone size-full\" alt=\"20130108-003124.jpg\" src=\"https:\/\/huelsmann.name\/wordpress\/wp-content\/uploads\/2013\/01\/20130108-003124.jpg\" \/><\/a><\/p>\n","protected":false},"excerpt":{"rendered":"<p>Park Inn by Radisson M\u00fcnchen Ost, 81929 M\u00fcnchen, Deutschland http:\/\/www.parkinn.de\/hotel-muenchenost 4* business hotel, close to english garden \/ Schwabing, somewhat close to trade fair ground. Typicall ParkIn, decent. Very small fitness room and somewhat limited restaurant &#8211; but still a good choice for 1-3 nights. last update 01\/2013 Standardzimmer:<\/p>\n","protected":false},"author":1,"featured_media":0,"parent":321,"menu_order":6,"comment_status":"open","ping_status":"closed","template":"","meta":{"ngg_post_thumbnail":0,"jetpack_post_was_ever_published":false,"footnotes":""},"class_list":["post-323","page","type-page","status-publish","hentry"],"jetpack_sharing_enabled":true,"jetpack_shortlink":"https:\/\/wp.me\/P30LUx-5d","_links":{"self":[{"href":"https:\/\/huelsmann.name\/wordpress\/wp-json\/wp\/v2\/pages\/323"}],"collection":[{"href":"https:\/\/huelsmann.name\/wordpress\/wp-json\/wp\/v2\/pages"}],"about":[{"href":"https:\/\/huelsmann.name\/wordpress\/wp-json\/wp\/v2\/types\/page"}],"author":[{"embeddable":true,"href":"https:\/\/huelsmann.name\/wordpress\/wp-json\/wp\/v2\/users\/1"}],"replies":[{"embeddable":true,"href":"https:\/\/huelsmann.name\/wordpress\/wp-json\/wp\/v2\/comments?post=323"}],"version-history":[{"count":8,"href":"https:\/\/huelsmann.name\/wordpress\/wp-json\/wp\/v2\/pages\/323\/revisions"}],"predecessor-version":[{"id":461,"href":"https:\/\/huelsmann.name\/wordpress\/wp-json\/wp\/v2\/pages\/323\/revisions\/461"}],"up":[{"embeddable":true,"href":"https:\/\/huelsmann.name\/wordpress\/wp-json\/wp\/v2\/pages\/321"}],"wp:attachment":[{"href":"https:\/\/huelsmann.name\/wordpress\/wp-json\/wp\/v2\/media?parent=323"}],"curies":[{"name":"wp","href":"https:\/\/api.w.org\/{rel}","templated":true}]}}