{"id":13,"date":"2012-12-27T18:34:05","date_gmt":"2012-12-27T18:34:05","guid":{"rendered":"http:\/\/huelsmann.name\/wordpress\/?page_id=13"},"modified":"2013-01-06T17:17:17","modified_gmt":"2013-01-06T16:17:17","slug":"fotosammlung","status":"publish","type":"page","link":"https:\/\/huelsmann.name\/wordpress\/fotosammlung-2\/fotosammlung\/","title":{"rendered":"Privat"},"content":{"rendered":"<p>Hier noch was aus fr\u00fcher Zeit&#8230; \ud83d\ude42<\/p>\n<p>&nbsp;<\/p>\nngg_shortcode_0_placeholder\n<h2>2004 Plan.D<\/h2>\n<p>Plan.D feierte am 7.2.2004 sein f\u00fcnfj\u00e4hriges. Geladen waren (reichlich, mehr als in die R\u00e4ume passten) G\u00e4ste und Teilnehmer um dies mit einem Kunstpreis zu feiern. Thema des Handgemenge war die Gestaltung eines Handschuhes. Hier ein paar Schnappsch\u00fcsse. Mehr Infos und Bilder unter:<\/p>\n<p><a href=\"http:\/\/www.galerie-plan-d.de\/\">http:\/\/www.galerie-plan-d.de\/<\/a><\/p>\n<p><strong>ngg_shortcode_1_placeholder<\/strong><\/p>\n<h2>2005 &#8211; B\u00fcrorenovierung<\/h2>\n<p>\u00a0<strong>ngg_shortcode_2_placeholder<\/strong><\/p>\n","protected":false},"excerpt":{"rendered":"<p>Hier noch was aus fr\u00fcher Zeit&#8230; \ud83d\ude42 &nbsp; 2004 Plan.D Plan.D feierte am 7.2.2004 sein f\u00fcnfj\u00e4hriges. Geladen waren (reichlich, mehr als in die R\u00e4ume passten) G\u00e4ste und Teilnehmer um dies mit einem Kunstpreis zu feiern. Thema des Handgemenge war die Gestaltung eines Handschuhes. Hier ein paar Schnappsch\u00fcsse. Mehr Infos und Bilder unter: http:\/\/www.galerie-plan-d.de\/ 2005 &#8211; &hellip; <a href=\"https:\/\/huelsmann.name\/wordpress\/fotosammlung-2\/fotosammlung\/\" class=\"more-link\">Weiterlesen <span class=\"meta-nav\">&rarr;<\/span><\/a><\/p>\n","protected":false},"author":1,"featured_media":0,"parent":18,"menu_order":21,"comment_status":"open","ping_status":"closed","template":"","meta":{"ngg_post_thumbnail":0,"jetpack_post_was_ever_published":false,"footnotes":""},"class_list":["post-13","page","type-page","status-publish","hentry"],"jetpack_sharing_enabled":true,"jetpack_shortlink":"https:\/\/wp.me\/P30LUx-d","_links":{"self":[{"href":"https:\/\/huelsmann.name\/wordpress\/wp-json\/wp\/v2\/pages\/13"}],"collection":[{"href":"https:\/\/huelsmann.name\/wordpress\/wp-json\/wp\/v2\/pages"}],"about":[{"href":"https:\/\/huelsmann.name\/wordpress\/wp-json\/wp\/v2\/types\/page"}],"author":[{"embeddable":true,"href":"https:\/\/huelsmann.name\/wordpress\/wp-json\/wp\/v2\/users\/1"}],"replies":[{"embeddable":true,"href":"https:\/\/huelsmann.name\/wordpress\/wp-json\/wp\/v2\/comments?post=13"}],"version-history":[{"count":12,"href":"https:\/\/huelsmann.name\/wordpress\/wp-json\/wp\/v2\/pages\/13\/revisions"}],"predecessor-version":[{"id":287,"href":"https:\/\/huelsmann.name\/wordpress\/wp-json\/wp\/v2\/pages\/13\/revisions\/287"}],"up":[{"embeddable":true,"href":"https:\/\/huelsmann.name\/wordpress\/wp-json\/wp\/v2\/pages\/18"}],"wp:attachment":[{"href":"https:\/\/huelsmann.name\/wordpress\/wp-json\/wp\/v2\/media?parent=13"}],"curies":[{"name":"wp","href":"https:\/\/api.w.org\/{rel}","templated":true}]}}